{"id":47,"date":"2020-04-23T18:11:38","date_gmt":"2020-04-23T16:11:38","guid":{"rendered":"http:\/\/noclegiwolawie.pl\/?page_id=47"},"modified":"2020-04-23T18:45:49","modified_gmt":"2020-04-23T16:45:49","slug":"kontakt","status":"publish","type":"page","link":"http:\/\/noclegiwolawie.pl\/?page_id=47","title":{"rendered":"Kontakt"},"content":{"rendered":"\n<h4 class=\"has-text-align-center\">W przypadku zainteresowania Nasz\u0105 ofert\u0105 prosimy o kontakt:<\/h4>\n\n\n\n<p class=\"has-text-align-center\"><strong>Telefon: 0 607 671 150<br>E-mail : andrzej@sloninka.pl<\/strong><\/p>\n\n\n\n<p class=\"has-text-align-center\"><strong>ADRES : 55-200 O\u0141AWA , GODZIKOWICE 20<\/strong><\/p>\n","protected":false},"excerpt":{"rendered":"<p>W przypadku zainteresowania Nasz\u0105 ofert\u0105 prosimy o kontakt: Telefon: 0 607 671 150E-mail : andrzej@sloninka.pl ADRES : 55-200 O\u0141AWA , GODZIKOWICE 20<\/p>\n","protected":false},"author":1,"featured_media":0,"parent":0,"menu_order":0,"comment_status":"closed","ping_status":"closed","template":"","meta":[],"_links":{"self":[{"href":"http:\/\/noclegiwolawie.pl\/index.php?rest_route=\/wp\/v2\/pages\/47"}],"collection":[{"href":"http:\/\/noclegiwolawie.pl\/index.php?rest_route=\/wp\/v2\/pages"}],"about":[{"href":"http:\/\/noclegiwolawie.pl\/index.php?rest_route=\/wp\/v2\/types\/page"}],"author":[{"embeddable":true,"href":"http:\/\/noclegiwolawie.pl\/index.php?rest_route=\/wp\/v2\/users\/1"}],"replies":[{"embeddable":true,"href":"http:\/\/noclegiwolawie.pl\/index.php?rest_route=%2Fwp%2Fv2%2Fcomments&post=47"}],"version-history":[{"count":2,"href":"http:\/\/noclegiwolawie.pl\/index.php?rest_route=\/wp\/v2\/pages\/47\/revisions"}],"predecessor-version":[{"id":76,"href":"http:\/\/noclegiwolawie.pl\/index.php?rest_route=\/wp\/v2\/pages\/47\/revisions\/76"}],"wp:attachment":[{"href":"http:\/\/noclegiwolawie.pl\/index.php?rest_route=%2Fwp%2Fv2%2Fmedia&parent=47"}],"curies":[{"name":"wp","href":"https:\/\/api.w.org\/{rel}","templated":true}]}}